{"id":364,"date":"2022-03-07T09:54:30","date_gmt":"2022-03-07T08:54:30","guid":{"rendered":"http:\/\/gasser.fritzmedia.it\/referenzen\/"},"modified":"2024-06-04T08:04:56","modified_gmt":"2024-06-04T06:04:56","slug":"referenze","status":"publish","type":"page","link":"https:\/\/gasser-hs.com\/it\/referenze\/","title":{"rendered":"referenze"},"content":{"rendered":"\r\n<h1 class=\"wp-block-heading\">Le nostre referenze<\/h1>\r\n\r\n\r\n\r\n<p>La soddisfazione dei nostri clienti \u00e8 sempre stata la nostra massima priorit\u00e0. Ecco perch\u00e9 riceviamo riscontri specifici dai nostri clienti e li pubblichiamo sul nostro sito web. Cos\u00ec avrai modo di convincerti sui nostri servizi e risultati e leggere le testimonianze di clienti soddisfatti e felici.<\/p>\r\n\r\n\r\n\r\n<div class=\"wp-block-spacer\" style=\"height: 40px;\" aria-hidden=\"true\">\u00a0<\/div>\r\n","protected":false},"excerpt":{"rendered":"<p>Le nostre referenze La soddisfazione dei nostri clienti \u00e8 sempre stata la nostra massima priorit\u00e0. Ecco perch\u00e9 riceviamo riscontri specifici dai nostri clienti e li pubblichiamo sul nostro sito web. Cos\u00ec avrai modo di convincerti sui nostri servizi e risultati e leggere le testimonianze di clienti soddisfatti e felici.<\/p>\n","protected":false},"author":1,"featured_media":115,"parent":0,"menu_order":0,"comment_status":"closed","ping_status":"closed","template":"page-referenz.php","meta":{"_acf_changed":false,"inline_featured_image":false,"footnotes":""},"class_list":["post-364","page","type-page","status-publish","has-post-thumbnail","hentry"],"acf":[],"yoast_head":"<!-- This site is optimized with the Yoast SEO plugin v23.9 - https:\/\/yoast.com\/wordpress\/plugins\/seo\/ -->\n<title>Referenze dell\u2018impresa Gasser: il tuo idraulico presso Bressanone<\/title>\n<meta name=\"description\" content=\"Fatti un\u2019idea dell\u2019alta qualit\u00e0 dei nostri servizi e dei nostri lavori e scopri cosa dicono di noi i nostri clienti.\" \/>\n<meta name=\"robots\" content=\"index, follow, max-snippet:-1, max-image-preview:large, max-video-preview:-1\" \/>\n<link rel=\"canonical\" href=\"https:\/\/gasser-hs.com\/it\/referenze\/\" \/>\n<meta property=\"og:locale\" content=\"it_IT\" \/>\n<meta property=\"og:type\" content=\"article\" \/>\n<meta property=\"og:title\" content=\"Referenze dell\u2018impresa Gasser: il tuo idraulico presso Bressanone\" \/>\n<meta property=\"og:description\" content=\"Fatti un\u2019idea dell\u2019alta qualit\u00e0 dei nostri servizi e dei nostri lavori e scopri cosa dicono di noi i nostri clienti.\" \/>\n<meta property=\"og:url\" content=\"https:\/\/gasser-hs.com\/it\/referenze\/\" \/>\n<meta property=\"og:site_name\" content=\"Gasser Heizung und Sanit\u00e4ranlagen - Klausen Latzfons\" \/>\n<meta property=\"article:modified_time\" content=\"2024-06-04T06:04:56+00:00\" \/>\n<meta property=\"og:image\" content=\"https:\/\/gasser-hs.com\/wp-content\/uploads\/2022\/03\/5-012.jpg\" \/>\n\t<meta property=\"og:image:width\" content=\"2500\" \/>\n\t<meta property=\"og:image:height\" content=\"1667\" \/>\n\t<meta property=\"og:image:type\" content=\"image\/jpeg\" \/>\n<meta name=\"twitter:card\" content=\"summary_large_image\" \/>\n<meta name=\"twitter:label1\" content=\"Tempo di lettura stimato\" \/>\n\t<meta name=\"twitter:data1\" content=\"1 minuto\" \/>\n<script type=\"application\/ld+json\" class=\"yoast-schema-graph\">{\"@context\":\"https:\/\/schema.org\",\"@graph\":[{\"@type\":\"WebPage\",\"@id\":\"https:\/\/gasser-hs.com\/it\/referenze\/\",\"url\":\"https:\/\/gasser-hs.com\/it\/referenze\/\",\"name\":\"Referenze dell\u2018impresa Gasser: il tuo idraulico presso Bressanone\",\"isPartOf\":{\"@id\":\"https:\/\/gasser-hs.com\/#website\"},\"primaryImageOfPage\":{\"@id\":\"https:\/\/gasser-hs.com\/it\/referenze\/#primaryimage\"},\"image\":{\"@id\":\"https:\/\/gasser-hs.com\/it\/referenze\/#primaryimage\"},\"thumbnailUrl\":\"https:\/\/gasser-hs.com\/wp-content\/uploads\/2022\/03\/5-012.jpg\",\"datePublished\":\"2022-03-07T08:54:30+00:00\",\"dateModified\":\"2024-06-04T06:04:56+00:00\",\"description\":\"Fatti un\u2019idea dell\u2019alta qualit\u00e0 dei nostri servizi e dei nostri lavori e scopri cosa dicono di noi i nostri clienti.\",\"breadcrumb\":{\"@id\":\"https:\/\/gasser-hs.com\/it\/referenze\/#breadcrumb\"},\"inLanguage\":\"it-IT\",\"potentialAction\":[{\"@type\":\"ReadAction\",\"target\":[\"https:\/\/gasser-hs.com\/it\/referenze\/\"]}]},{\"@type\":\"ImageObject\",\"inLanguage\":\"it-IT\",\"@id\":\"https:\/\/gasser-hs.com\/it\/referenze\/#primaryimage\",\"url\":\"https:\/\/gasser-hs.com\/wp-content\/uploads\/2022\/03\/5-012.jpg\",\"contentUrl\":\"https:\/\/gasser-hs.com\/wp-content\/uploads\/2022\/03\/5-012.jpg\",\"width\":2500,\"height\":1667},{\"@type\":\"BreadcrumbList\",\"@id\":\"https:\/\/gasser-hs.com\/it\/referenze\/#breadcrumb\",\"itemListElement\":[{\"@type\":\"ListItem\",\"position\":1,\"name\":\"Startseite\",\"item\":\"https:\/\/gasser-hs.com\/it\/\"},{\"@type\":\"ListItem\",\"position\":2,\"name\":\"referenze\"}]},{\"@type\":\"WebSite\",\"@id\":\"https:\/\/gasser-hs.com\/#website\",\"url\":\"https:\/\/gasser-hs.com\/\",\"name\":\"Gasser Heizung und Sanit\u00e4ranlagen - Klausen Latzfons\",\"description\":\"Gasser Heizung und Sanit\u00e4ranlagen - Klausen Latzfons\",\"publisher\":{\"@id\":\"https:\/\/gasser-hs.com\/#organization\"},\"potentialAction\":[{\"@type\":\"SearchAction\",\"target\":{\"@type\":\"EntryPoint\",\"urlTemplate\":\"https:\/\/gasser-hs.com\/?s={search_term_string}\"},\"query-input\":{\"@type\":\"PropertyValueSpecification\",\"valueRequired\":true,\"valueName\":\"search_term_string\"}}],\"inLanguage\":\"it-IT\"},{\"@type\":\"Organization\",\"@id\":\"https:\/\/gasser-hs.com\/#organization\",\"name\":\"Gasser Heizung und Sanit\u00e4ranlagen - Klausen Latzfons\",\"url\":\"https:\/\/gasser-hs.com\/\",\"logo\":{\"@type\":\"ImageObject\",\"inLanguage\":\"it-IT\",\"@id\":\"https:\/\/gasser-hs.com\/#\/schema\/logo\/image\/\",\"url\":\"http:\/\/gasser.fritzmedia.it\/wp-content\/uploads\/2022\/03\/logo.png\",\"contentUrl\":\"http:\/\/gasser.fritzmedia.it\/wp-content\/uploads\/2022\/03\/logo.png\",\"width\":3780,\"height\":2092,\"caption\":\"Gasser Heizung und Sanit\u00e4ranlagen - Klausen Latzfons\"},\"image\":{\"@id\":\"https:\/\/gasser-hs.com\/#\/schema\/logo\/image\/\"}}]}<\/script>\n<!-- \/ Yoast SEO plugin. -->","yoast_head_json":{"title":"Referenze dell\u2018impresa Gasser: il tuo idraulico presso Bressanone","description":"Fatti un\u2019idea dell\u2019alta qualit\u00e0 dei nostri servizi e dei nostri lavori e scopri cosa dicono di noi i nostri clienti.","robots":{"index":"index","follow":"follow","max-snippet":"max-snippet:-1","max-image-preview":"max-image-preview:large","max-video-preview":"max-video-preview:-1"},"canonical":"https:\/\/gasser-hs.com\/it\/referenze\/","og_locale":"it_IT","og_type":"article","og_title":"Referenze dell\u2018impresa Gasser: il tuo idraulico presso Bressanone","og_description":"Fatti un\u2019idea dell\u2019alta qualit\u00e0 dei nostri servizi e dei nostri lavori e scopri cosa dicono di noi i nostri clienti.","og_url":"https:\/\/gasser-hs.com\/it\/referenze\/","og_site_name":"Gasser Heizung und Sanit\u00e4ranlagen - Klausen Latzfons","article_modified_time":"2024-06-04T06:04:56+00:00","og_image":[{"width":2500,"height":1667,"url":"https:\/\/gasser-hs.com\/wp-content\/uploads\/2022\/03\/5-012.jpg","type":"image\/jpeg"}],"twitter_card":"summary_large_image","twitter_misc":{"Tempo di lettura stimato":"1 minuto"},"schema":{"@context":"https:\/\/schema.org","@graph":[{"@type":"WebPage","@id":"https:\/\/gasser-hs.com\/it\/referenze\/","url":"https:\/\/gasser-hs.com\/it\/referenze\/","name":"Referenze dell\u2018impresa Gasser: il tuo idraulico presso Bressanone","isPartOf":{"@id":"https:\/\/gasser-hs.com\/#website"},"primaryImageOfPage":{"@id":"https:\/\/gasser-hs.com\/it\/referenze\/#primaryimage"},"image":{"@id":"https:\/\/gasser-hs.com\/it\/referenze\/#primaryimage"},"thumbnailUrl":"https:\/\/gasser-hs.com\/wp-content\/uploads\/2022\/03\/5-012.jpg","datePublished":"2022-03-07T08:54:30+00:00","dateModified":"2024-06-04T06:04:56+00:00","description":"Fatti un\u2019idea dell\u2019alta qualit\u00e0 dei nostri servizi e dei nostri lavori e scopri cosa dicono di noi i nostri clienti.","breadcrumb":{"@id":"https:\/\/gasser-hs.com\/it\/referenze\/#breadcrumb"},"inLanguage":"it-IT","potentialAction":[{"@type":"ReadAction","target":["https:\/\/gasser-hs.com\/it\/referenze\/"]}]},{"@type":"ImageObject","inLanguage":"it-IT","@id":"https:\/\/gasser-hs.com\/it\/referenze\/#primaryimage","url":"https:\/\/gasser-hs.com\/wp-content\/uploads\/2022\/03\/5-012.jpg","contentUrl":"https:\/\/gasser-hs.com\/wp-content\/uploads\/2022\/03\/5-012.jpg","width":2500,"height":1667},{"@type":"BreadcrumbList","@id":"https:\/\/gasser-hs.com\/it\/referenze\/#breadcrumb","itemListElement":[{"@type":"ListItem","position":1,"name":"Startseite","item":"https:\/\/gasser-hs.com\/it\/"},{"@type":"ListItem","position":2,"name":"referenze"}]},{"@type":"WebSite","@id":"https:\/\/gasser-hs.com\/#website","url":"https:\/\/gasser-hs.com\/","name":"Gasser Heizung und Sanit\u00e4ranlagen - Klausen Latzfons","description":"Gasser Heizung und Sanit\u00e4ranlagen - Klausen Latzfons","publisher":{"@id":"https:\/\/gasser-hs.com\/#organization"},"potentialAction":[{"@type":"SearchAction","target":{"@type":"EntryPoint","urlTemplate":"https:\/\/gasser-hs.com\/?s={search_term_string}"},"query-input":{"@type":"PropertyValueSpecification","valueRequired":true,"valueName":"search_term_string"}}],"inLanguage":"it-IT"},{"@type":"Organization","@id":"https:\/\/gasser-hs.com\/#organization","name":"Gasser Heizung und Sanit\u00e4ranlagen - Klausen Latzfons","url":"https:\/\/gasser-hs.com\/","logo":{"@type":"ImageObject","inLanguage":"it-IT","@id":"https:\/\/gasser-hs.com\/#\/schema\/logo\/image\/","url":"http:\/\/gasser.fritzmedia.it\/wp-content\/uploads\/2022\/03\/logo.png","contentUrl":"http:\/\/gasser.fritzmedia.it\/wp-content\/uploads\/2022\/03\/logo.png","width":3780,"height":2092,"caption":"Gasser Heizung und Sanit\u00e4ranlagen - Klausen Latzfons"},"image":{"@id":"https:\/\/gasser-hs.com\/#\/schema\/logo\/image\/"}}]}},"_links":{"self":[{"href":"https:\/\/gasser-hs.com\/it\/wp-json\/wp\/v2\/pages\/364","targetHints":{"allow":["GET"]}}],"collection":[{"href":"https:\/\/gasser-hs.com\/it\/wp-json\/wp\/v2\/pages"}],"about":[{"href":"https:\/\/gasser-hs.com\/it\/wp-json\/wp\/v2\/types\/page"}],"author":[{"embeddable":true,"href":"https:\/\/gasser-hs.com\/it\/wp-json\/wp\/v2\/users\/1"}],"replies":[{"embeddable":true,"href":"https:\/\/gasser-hs.com\/it\/wp-json\/wp\/v2\/comments?post=364"}],"version-history":[{"count":4,"href":"https:\/\/gasser-hs.com\/it\/wp-json\/wp\/v2\/pages\/364\/revisions"}],"predecessor-version":[{"id":438,"href":"https:\/\/gasser-hs.com\/it\/wp-json\/wp\/v2\/pages\/364\/revisions\/438"}],"wp:featuredmedia":[{"embeddable":true,"href":"https:\/\/gasser-hs.com\/it\/wp-json\/wp\/v2\/media\/115"}],"wp:attachment":[{"href":"https:\/\/gasser-hs.com\/it\/wp-json\/wp\/v2\/media?parent=364"}],"curies":[{"name":"wp","href":"https:\/\/api.w.org\/{rel}","templated":true}]}}