{"id":329,"date":"2022-03-08T11:50:17","date_gmt":"2022-03-08T10:50:17","guid":{"rendered":"http:\/\/gasser.fritzmedia.it\/impressum\/"},"modified":"2024-11-21T10:30:33","modified_gmt":"2024-11-21T09:30:33","slug":"impressum","status":"publish","type":"page","link":"https:\/\/gasser-hs.com\/it\/impressum\/","title":{"rendered":"informazione legale"},"content":{"rendered":"\t\t<div data-elementor-type=\"wp-page\" data-elementor-id=\"329\" class=\"elementor elementor-329 elementor-56\">\n\t\t\t\t\t\t<section class=\"elementor-section elementor-top-section elementor-element elementor-element-80198f1 elementor-section-boxed elementor-section-height-default elementor-section-height-default\" data-id=\"80198f1\" data-element_type=\"section\">\n\t\t\t\t\t\t<div class=\"elementor-container elementor-column-gap-wider\">\n\t\t\t\t\t<div class=\"elementor-column elementor-col-33 elementor-top-column elementor-element elementor-element-8395dc1\" data-id=\"8395dc1\" data-element_type=\"column\">\n\t\t\t<div class=\"elementor-widget-wrap elementor-element-populated\">\n\t\t\t\t\t\t<div class=\"elementor-element elementor-element-7d2c0cf elementor-widget elementor-widget-text-editor\" data-id=\"7d2c0cf\" data-element_type=\"widget\" data-widget_type=\"text-editor.default\">\n\t\t\t\t<div class=\"elementor-widget-container\">\n\t\t\t\t\t\t\t<h3>Responsabile dei contenuti<\/h3><p><strong>GASSER-HS GmbH<\/strong><br \/>via Mitterwiesen 9<br \/>39043 Chiusa\/Lazfons (BZ)<\/p><p>Tel.: +39 0472 545104<br \/>Fax: +39 0472 543214<\/p><p>info@gasser-hs.com<br \/>P.IVA.: 03258100217<br \/>Codice dest.: T04ZHR3<\/p>\t\t\t\t\t\t<\/div>\n\t\t\t\t<\/div>\n\t\t\t\t\t<\/div>\n\t\t<\/div>\n\t\t\t\t<div class=\"elementor-column elementor-col-33 elementor-top-column elementor-element elementor-element-d20a305\" data-id=\"d20a305\" data-element_type=\"column\">\n\t\t\t<div class=\"elementor-widget-wrap elementor-element-populated\">\n\t\t\t\t\t\t<div class=\"elementor-element elementor-element-3ba2488 elementor-widget elementor-widget-text-editor\" data-id=\"3ba2488\" data-element_type=\"widget\" data-widget_type=\"text-editor.default\">\n\t\t\t\t<div class=\"elementor-widget-container\">\n\t\t\t\t\t\t\t<h3>Programmazione e concetto<\/h3><p><strong>fritzmedia\u00a0<\/strong>Domenikus Gruber<br \/>via Josef Bacher 11<br \/>39040 Velturno<\/p><p><a href=\"mailto:info@fritzmedia.it\">info@fritzmedia.it<\/a><br \/><a href=\"http:\/\/www.fritzmedia.it\/\">www.fritzmedia.it<\/a><\/p><p>Tel.: +39 349 804 1131<br \/>P.IVA.: 02456790217<\/p>\t\t\t\t\t\t<\/div>\n\t\t\t\t<\/div>\n\t\t\t\t\t<\/div>\n\t\t<\/div>\n\t\t\t\t<div class=\"elementor-column elementor-col-33 elementor-top-column elementor-element elementor-element-0864be9\" data-id=\"0864be9\" data-element_type=\"column\">\n\t\t\t<div class=\"elementor-widget-wrap elementor-element-populated\">\n\t\t\t\t\t\t<div class=\"elementor-element elementor-element-f007720 elementor-widget elementor-widget-text-editor\" data-id=\"f007720\" data-element_type=\"widget\" data-widget_type=\"text-editor.default\">\n\t\t\t\t<div class=\"elementor-widget-container\">\n\t\t\t\t\t\t\t<h3>Foto<\/h3><p>Domenikus Gruber,<\/p>\t\t\t\t\t\t<\/div>\n\t\t\t\t<\/div>\n\t\t\t\t\t<\/div>\n\t\t<\/div>\n\t\t\t\t\t<\/div>\n\t\t<\/section>\n\t\t\t\t<section class=\"elementor-section elementor-top-section elementor-element elementor-element-668aebd elementor-section-boxed elementor-section-height-default elementor-section-height-default\" data-id=\"668aebd\" data-element_type=\"section\">\n\t\t\t\t\t\t<div class=\"elementor-container elementor-column-gap-default\">\n\t\t\t\t\t<div class=\"elementor-column elementor-col-100 elementor-top-column elementor-element elementor-element-d3da5f3\" data-id=\"d3da5f3\" data-element_type=\"column\">\n\t\t\t<div class=\"elementor-widget-wrap elementor-element-populated\">\n\t\t\t\t\t\t<div class=\"elementor-element elementor-element-1b2ff03 elementor-widget elementor-widget-spacer\" data-id=\"1b2ff03\" data-element_type=\"widget\" data-widget_type=\"spacer.default\">\n\t\t\t\t<div class=\"elementor-widget-container\">\n\t\t\t\t\t<div class=\"elementor-spacer\">\n\t\t\t<div class=\"elementor-spacer-inner\"><\/div>\n\t\t<\/div>\n\t\t\t\t<\/div>\n\t\t\t\t<\/div>\n\t\t\t\t<div class=\"elementor-element elementor-element-193167c elementor-widget elementor-widget-text-editor\" data-id=\"193167c\" data-element_type=\"widget\" data-widget_type=\"text-editor.default\">\n\t\t\t\t<div class=\"elementor-widget-container\">\n\t\t\t\t\t\t\t<p><strong>Esclusione della responsabilit\u00e0:<\/strong><\/p><p>Il proprietario non garantisce per l\u2019attualit\u00e0, la correttezza, la completezza e la qualit\u00e0 dei contenuti del sito e declina ogni responsabilit\u00e0, nei confronti dell\u2019utente e di terzi, per danni materiali e ideali derivanti dalla fruizione o non-fruizione di informazioni e servizi offerti sul sito, oppure derivanti dalla fruizione di informazioni errate o incomplete, non attribuibili a dolo o colpa grave. Inoltre, il proprietario non risponde di informazioni provenienti da altri siti internet, n\u00e9 di collegamenti e rimandi da essi pubblicati.<\/p><p><strong>Informativa sulla privacy:<\/strong><\/p><p>L\u2019informativa sulla privacy ai sensi dell\u2019art.13 del Codice in materia di protezione dei dati personali (legge 196\/03 ) \u00e8 consultabile\u00a0<a href=\"http:\/\/www.garanteprivacy.it\/garante\/navig\/jsp\/index.jsp?folderpath=Normativa%2FItaliana%2FIl+Codice+in+materia+di+protezione+dei+dati+personali\" target=\"_blank\" rel=\"noreferrer noopener\">qui<\/a>.<\/p>\t\t\t\t\t\t<\/div>\n\t\t\t\t<\/div>\n\t\t\t\t\t<\/div>\n\t\t<\/div>\n\t\t\t\t\t<\/div>\n\t\t<\/section>\n\t\t\t\t<\/div>\n\t\t","protected":false},"excerpt":{"rendered":"<p>Responsabile dei contenuti GASSER-HS GmbHvia Mitterwiesen 939043 Chiusa\/Lazfons (BZ) Tel.: +39 0472 545104Fax: +39 0472 543214 info@gasser-hs.comP.IVA.: 03258100217Codice dest.: T04ZHR3 Programmazione e concetto fritzmedia\u00a0Domenikus Grubervia Josef Bacher 1139040 Velturno info@fritzmedia.itwww.fritzmedia.it Tel.: +39 349 804 1131P.IVA.: 02456790217 Foto Domenikus Gruber, Esclusione della responsabilit\u00e0: Il proprietario non garantisce per l\u2019attualit\u00e0, la correttezza, la completezza e la qualit\u00e0 [&hellip;]<\/p>\n","protected":false},"author":1,"featured_media":0,"parent":0,"menu_order":0,"comment_status":"closed","ping_status":"closed","template":"","meta":{"_acf_changed":false,"inline_featured_image":false,"footnotes":""},"class_list":["post-329","page","type-page","status-publish","hentry"],"acf":[],"yoast_head":"<!-- This site is optimized with the Yoast SEO plugin v23.9 - https:\/\/yoast.com\/wordpress\/plugins\/seo\/ -->\n<title>informazione legale - Gasser Heizung und Sanit\u00e4ranlagen - Klausen Latzfons<\/title>\n<meta name=\"robots\" content=\"index, follow, max-snippet:-1, max-image-preview:large, max-video-preview:-1\" \/>\n<link rel=\"canonical\" href=\"https:\/\/gasser-hs.com\/it\/impressum\/\" \/>\n<meta property=\"og:locale\" content=\"it_IT\" \/>\n<meta property=\"og:type\" content=\"article\" \/>\n<meta property=\"og:title\" content=\"informazione legale - Gasser Heizung und Sanit\u00e4ranlagen - Klausen Latzfons\" \/>\n<meta property=\"og:description\" content=\"Responsabile dei contenuti GASSER-HS GmbHvia Mitterwiesen 939043 Chiusa\/Lazfons (BZ) Tel.: +39 0472 545104Fax: +39 0472 543214 info@gasser-hs.comP.IVA.: 03258100217Codice dest.: T04ZHR3 Programmazione e concetto fritzmedia\u00a0Domenikus Grubervia Josef Bacher 1139040 Velturno info@fritzmedia.itwww.fritzmedia.it Tel.: +39 349 804 1131P.IVA.: 02456790217 Foto Domenikus Gruber, Esclusione della responsabilit\u00e0: Il proprietario non garantisce per l\u2019attualit\u00e0, la correttezza, la completezza e la qualit\u00e0 [&hellip;]\" \/>\n<meta property=\"og:url\" content=\"https:\/\/gasser-hs.com\/it\/impressum\/\" \/>\n<meta property=\"og:site_name\" content=\"Gasser Heizung und Sanit\u00e4ranlagen - Klausen Latzfons\" \/>\n<meta property=\"article:modified_time\" content=\"2024-11-21T09:30:33+00:00\" \/>\n<meta name=\"twitter:card\" content=\"summary_large_image\" \/>\n<meta name=\"twitter:label1\" content=\"Tempo di lettura stimato\" \/>\n\t<meta name=\"twitter:data1\" content=\"1 minuto\" \/>\n<script type=\"application\/ld+json\" class=\"yoast-schema-graph\">{\"@context\":\"https:\/\/schema.org\",\"@graph\":[{\"@type\":\"WebPage\",\"@id\":\"https:\/\/gasser-hs.com\/it\/impressum\/\",\"url\":\"https:\/\/gasser-hs.com\/it\/impressum\/\",\"name\":\"informazione legale - Gasser Heizung und Sanit\u00e4ranlagen - Klausen Latzfons\",\"isPartOf\":{\"@id\":\"https:\/\/gasser-hs.com\/#website\"},\"datePublished\":\"2022-03-08T10:50:17+00:00\",\"dateModified\":\"2024-11-21T09:30:33+00:00\",\"breadcrumb\":{\"@id\":\"https:\/\/gasser-hs.com\/it\/impressum\/#breadcrumb\"},\"inLanguage\":\"it-IT\",\"potentialAction\":[{\"@type\":\"ReadAction\",\"target\":[\"https:\/\/gasser-hs.com\/it\/impressum\/\"]}]},{\"@type\":\"BreadcrumbList\",\"@id\":\"https:\/\/gasser-hs.com\/it\/impressum\/#breadcrumb\",\"itemListElement\":[{\"@type\":\"ListItem\",\"position\":1,\"name\":\"Startseite\",\"item\":\"https:\/\/gasser-hs.com\/it\/\"},{\"@type\":\"ListItem\",\"position\":2,\"name\":\"informazione legale\"}]},{\"@type\":\"WebSite\",\"@id\":\"https:\/\/gasser-hs.com\/#website\",\"url\":\"https:\/\/gasser-hs.com\/\",\"name\":\"Gasser Heizung und Sanit\u00e4ranlagen - Klausen Latzfons\",\"description\":\"Gasser Heizung und Sanit\u00e4ranlagen - Klausen Latzfons\",\"publisher\":{\"@id\":\"https:\/\/gasser-hs.com\/#organization\"},\"potentialAction\":[{\"@type\":\"SearchAction\",\"target\":{\"@type\":\"EntryPoint\",\"urlTemplate\":\"https:\/\/gasser-hs.com\/?s={search_term_string}\"},\"query-input\":{\"@type\":\"PropertyValueSpecification\",\"valueRequired\":true,\"valueName\":\"search_term_string\"}}],\"inLanguage\":\"it-IT\"},{\"@type\":\"Organization\",\"@id\":\"https:\/\/gasser-hs.com\/#organization\",\"name\":\"Gasser Heizung und Sanit\u00e4ranlagen - Klausen Latzfons\",\"url\":\"https:\/\/gasser-hs.com\/\",\"logo\":{\"@type\":\"ImageObject\",\"inLanguage\":\"it-IT\",\"@id\":\"https:\/\/gasser-hs.com\/#\/schema\/logo\/image\/\",\"url\":\"http:\/\/gasser.fritzmedia.it\/wp-content\/uploads\/2022\/03\/logo.png\",\"contentUrl\":\"http:\/\/gasser.fritzmedia.it\/wp-content\/uploads\/2022\/03\/logo.png\",\"width\":3780,\"height\":2092,\"caption\":\"Gasser Heizung und Sanit\u00e4ranlagen - Klausen Latzfons\"},\"image\":{\"@id\":\"https:\/\/gasser-hs.com\/#\/schema\/logo\/image\/\"}}]}<\/script>\n<!-- \/ Yoast SEO plugin. -->","yoast_head_json":{"title":"informazione legale - Gasser Heizung und Sanit\u00e4ranlagen - Klausen Latzfons","robots":{"index":"index","follow":"follow","max-snippet":"max-snippet:-1","max-image-preview":"max-image-preview:large","max-video-preview":"max-video-preview:-1"},"canonical":"https:\/\/gasser-hs.com\/it\/impressum\/","og_locale":"it_IT","og_type":"article","og_title":"informazione legale - Gasser Heizung und Sanit\u00e4ranlagen - Klausen Latzfons","og_description":"Responsabile dei contenuti GASSER-HS GmbHvia Mitterwiesen 939043 Chiusa\/Lazfons (BZ) Tel.: +39 0472 545104Fax: +39 0472 543214 info@gasser-hs.comP.IVA.: 03258100217Codice dest.: T04ZHR3 Programmazione e concetto fritzmedia\u00a0Domenikus Grubervia Josef Bacher 1139040 Velturno info@fritzmedia.itwww.fritzmedia.it Tel.: +39 349 804 1131P.IVA.: 02456790217 Foto Domenikus Gruber, Esclusione della responsabilit\u00e0: Il proprietario non garantisce per l\u2019attualit\u00e0, la correttezza, la completezza e la qualit\u00e0 [&hellip;]","og_url":"https:\/\/gasser-hs.com\/it\/impressum\/","og_site_name":"Gasser Heizung und Sanit\u00e4ranlagen - Klausen Latzfons","article_modified_time":"2024-11-21T09:30:33+00:00","twitter_card":"summary_large_image","twitter_misc":{"Tempo di lettura stimato":"1 minuto"},"schema":{"@context":"https:\/\/schema.org","@graph":[{"@type":"WebPage","@id":"https:\/\/gasser-hs.com\/it\/impressum\/","url":"https:\/\/gasser-hs.com\/it\/impressum\/","name":"informazione legale - Gasser Heizung und Sanit\u00e4ranlagen - Klausen Latzfons","isPartOf":{"@id":"https:\/\/gasser-hs.com\/#website"},"datePublished":"2022-03-08T10:50:17+00:00","dateModified":"2024-11-21T09:30:33+00:00","breadcrumb":{"@id":"https:\/\/gasser-hs.com\/it\/impressum\/#breadcrumb"},"inLanguage":"it-IT","potentialAction":[{"@type":"ReadAction","target":["https:\/\/gasser-hs.com\/it\/impressum\/"]}]},{"@type":"BreadcrumbList","@id":"https:\/\/gasser-hs.com\/it\/impressum\/#breadcrumb","itemListElement":[{"@type":"ListItem","position":1,"name":"Startseite","item":"https:\/\/gasser-hs.com\/it\/"},{"@type":"ListItem","position":2,"name":"informazione legale"}]},{"@type":"WebSite","@id":"https:\/\/gasser-hs.com\/#website","url":"https:\/\/gasser-hs.com\/","name":"Gasser Heizung und Sanit\u00e4ranlagen - Klausen Latzfons","description":"Gasser Heizung und Sanit\u00e4ranlagen - Klausen Latzfons","publisher":{"@id":"https:\/\/gasser-hs.com\/#organization"},"potentialAction":[{"@type":"SearchAction","target":{"@type":"EntryPoint","urlTemplate":"https:\/\/gasser-hs.com\/?s={search_term_string}"},"query-input":{"@type":"PropertyValueSpecification","valueRequired":true,"valueName":"search_term_string"}}],"inLanguage":"it-IT"},{"@type":"Organization","@id":"https:\/\/gasser-hs.com\/#organization","name":"Gasser Heizung und Sanit\u00e4ranlagen - Klausen Latzfons","url":"https:\/\/gasser-hs.com\/","logo":{"@type":"ImageObject","inLanguage":"it-IT","@id":"https:\/\/gasser-hs.com\/#\/schema\/logo\/image\/","url":"http:\/\/gasser.fritzmedia.it\/wp-content\/uploads\/2022\/03\/logo.png","contentUrl":"http:\/\/gasser.fritzmedia.it\/wp-content\/uploads\/2022\/03\/logo.png","width":3780,"height":2092,"caption":"Gasser Heizung und Sanit\u00e4ranlagen - Klausen Latzfons"},"image":{"@id":"https:\/\/gasser-hs.com\/#\/schema\/logo\/image\/"}}]}},"_links":{"self":[{"href":"https:\/\/gasser-hs.com\/it\/wp-json\/wp\/v2\/pages\/329","targetHints":{"allow":["GET"]}}],"collection":[{"href":"https:\/\/gasser-hs.com\/it\/wp-json\/wp\/v2\/pages"}],"about":[{"href":"https:\/\/gasser-hs.com\/it\/wp-json\/wp\/v2\/types\/page"}],"author":[{"embeddable":true,"href":"https:\/\/gasser-hs.com\/it\/wp-json\/wp\/v2\/users\/1"}],"replies":[{"embeddable":true,"href":"https:\/\/gasser-hs.com\/it\/wp-json\/wp\/v2\/comments?post=329"}],"version-history":[{"count":9,"href":"https:\/\/gasser-hs.com\/it\/wp-json\/wp\/v2\/pages\/329\/revisions"}],"predecessor-version":[{"id":518,"href":"https:\/\/gasser-hs.com\/it\/wp-json\/wp\/v2\/pages\/329\/revisions\/518"}],"wp:attachment":[{"href":"https:\/\/gasser-hs.com\/it\/wp-json\/wp\/v2\/media?parent=329"}],"curies":[{"name":"wp","href":"https:\/\/api.w.org\/{rel}","templated":true}]}}