{"id":137,"date":"2022-02-28T09:51:44","date_gmt":"2022-02-28T08:51:44","guid":{"rendered":"http:\/\/gasser.fritzmedia.it\/beispiel-seite\/"},"modified":"2024-06-04T08:10:59","modified_gmt":"2024-06-04T06:10:59","slug":"firma-gasser-johann-ihr-hydrauliker-im-eisacktal-suedtirol","status":"publish","type":"page","link":"https:\/\/gasser-hs.com\/it\/","title":{"rendered":"home"},"content":{"rendered":"\n<h1 class=\"wp-block-heading\">Gasser: il tuo idraulico di fiducia in Valle Isarco<\/h1>\n\n\n\n<p><p>L\u2019impresa Gasser \u00e8 la scelta giusta quando si tratta di effettuare interventi idraulici in Valle Isarco. Offriamo numerosi servizi, dagli impianti di riscaldamento e raffreddamento, ai sistemi aspirapolvere e agli interventi di ristrutturazione fino alle opzioni sostenibili con fonti di energia rinnovabile per la produzione di energia.<\/p><br><p>L\u00b4azienda Pedevilla-Gasser \u00e8 stata fondata a Bressanone nel 1985 e, nel 1990, \u00e8 seguita la fondazione dell\u2019impresa da parte di Gasser Johann, al quale si \u00e8 unito otto anni dopo il figlio Klaus. Nel 1999, l\u2019impresa si \u00e8 trasferita in una nuova sede aziendale nella zona artigianale di Lazfons. Nel 2007 anche il figlio minore Matthias ha deciso di seguire le orme del padre Johann. Nel 2010 la sede aziendale si \u00e8 ampliata aggiungendo un ulteriore piano. Nel 2023 \u00e8 stato avviato il passaggio di consegne dell\u2019impresa alla nuova generazione. Quella che una volta era un\u2019impresa individuale ora \u00e8 diventata un\u2019azienda di successo con sei dipendenti.<\/p><br><p>Il nome Gasser \u00e8 sinonimo di massima qualit\u00e0, affidabilit\u00e0 e servizio clienti completo che non delude le aspettative. Puoi tranquillamente constatare in prima persona la qualit\u00e0 dei nostri servizi e scoprire le nostre offerte contattandoci gratuitamente e senza alcun impegno.<\/p><\/p>\n","protected":false},"excerpt":{"rendered":"<p>Gasser: il tuo idraulico di fiducia in Valle Isarco L\u2019impresa Gasser \u00e8 la scelta giusta quando si tratta di effettuare interventi idraulici in Valle Isarco. Offriamo numerosi servizi, dagli impianti di riscaldamento e raffreddamento, ai sistemi aspirapolvere e agli interventi di ristrutturazione fino alle opzioni sostenibili con fonti di energia rinnovabile per la produzione di [&hellip;]<\/p>\n","protected":false},"author":1,"featured_media":111,"parent":0,"menu_order":0,"comment_status":"closed","ping_status":"open","template":"","meta":{"_acf_changed":false,"inline_featured_image":false,"footnotes":""},"class_list":["post-137","page","type-page","status-publish","has-post-thumbnail","hentry"],"acf":[],"yoast_head":"<!-- This site is optimized with the Yoast SEO plugin v23.9 - https:\/\/yoast.com\/wordpress\/plugins\/seo\/ -->\n<title>Impresa Gasser Johann: il tuo idraulico in Valle Isarco | Alto Adige<\/title>\n<meta name=\"description\" content=\"Cerchi un idraulico in Valle Isarco? L\u2019impresa Gasser vanta oltre 30 anni di esperienza all\u2019insegna dell\u2019alta qualit\u00e0 e dell\u2019attenzione ai clienti.\" \/>\n<meta name=\"robots\" content=\"index, follow, max-snippet:-1, max-image-preview:large, max-video-preview:-1\" \/>\n<link rel=\"canonical\" href=\"https:\/\/gasser-hs.com\/it\/\" \/>\n<meta property=\"og:locale\" content=\"it_IT\" \/>\n<meta property=\"og:type\" content=\"article\" \/>\n<meta property=\"og:title\" content=\"Impresa Gasser Johann: il tuo idraulico in Valle Isarco | Alto Adige\" \/>\n<meta property=\"og:description\" content=\"Cerchi un idraulico in Valle Isarco? L\u2019impresa Gasser vanta oltre 30 anni di esperienza all\u2019insegna dell\u2019alta qualit\u00e0 e dell\u2019attenzione ai clienti.\" \/>\n<meta property=\"og:url\" content=\"https:\/\/gasser-hs.com\/it\/\" \/>\n<meta property=\"og:site_name\" content=\"Gasser Heizung und Sanit\u00e4ranlagen - Klausen Latzfons\" \/>\n<meta property=\"article:modified_time\" content=\"2024-06-04T06:10:59+00:00\" \/>\n<meta property=\"og:image\" content=\"https:\/\/gasser-hs.com\/wp-content\/uploads\/2022\/03\/logo.png\" \/>\n\t<meta property=\"og:image:width\" content=\"3780\" \/>\n\t<meta property=\"og:image:height\" content=\"2092\" \/>\n\t<meta property=\"og:image:type\" content=\"image\/png\" \/>\n<meta name=\"twitter:card\" content=\"summary_large_image\" \/>\n<meta name=\"twitter:label1\" content=\"Tempo di lettura stimato\" \/>\n\t<meta name=\"twitter:data1\" content=\"2 minuti\" \/>\n<script type=\"application\/ld+json\" class=\"yoast-schema-graph\">{\"@context\":\"https:\/\/schema.org\",\"@graph\":[{\"@type\":\"WebPage\",\"@id\":\"https:\/\/gasser-hs.com\/it\/\",\"url\":\"https:\/\/gasser-hs.com\/it\/\",\"name\":\"Impresa Gasser Johann: il tuo idraulico in Valle Isarco | Alto Adige\",\"isPartOf\":{\"@id\":\"https:\/\/gasser-hs.com\/#website\"},\"primaryImageOfPage\":{\"@id\":\"https:\/\/gasser-hs.com\/it\/#primaryimage\"},\"image\":{\"@id\":\"https:\/\/gasser-hs.com\/it\/#primaryimage\"},\"thumbnailUrl\":\"https:\/\/gasser-hs.com\/wp-content\/uploads\/2022\/03\/logo.png\",\"datePublished\":\"2022-02-28T08:51:44+00:00\",\"dateModified\":\"2024-06-04T06:10:59+00:00\",\"description\":\"Cerchi un idraulico in Valle Isarco? L\u2019impresa Gasser vanta oltre 30 anni di esperienza all\u2019insegna dell\u2019alta qualit\u00e0 e dell\u2019attenzione ai clienti.\",\"breadcrumb\":{\"@id\":\"https:\/\/gasser-hs.com\/it\/#breadcrumb\"},\"inLanguage\":\"it-IT\",\"potentialAction\":[{\"@type\":\"ReadAction\",\"target\":[\"https:\/\/gasser-hs.com\/it\/\"]}]},{\"@type\":\"ImageObject\",\"inLanguage\":\"it-IT\",\"@id\":\"https:\/\/gasser-hs.com\/it\/#primaryimage\",\"url\":\"https:\/\/gasser-hs.com\/wp-content\/uploads\/2022\/03\/logo.png\",\"contentUrl\":\"https:\/\/gasser-hs.com\/wp-content\/uploads\/2022\/03\/logo.png\",\"width\":3780,\"height\":2092},{\"@type\":\"BreadcrumbList\",\"@id\":\"https:\/\/gasser-hs.com\/it\/#breadcrumb\",\"itemListElement\":[{\"@type\":\"ListItem\",\"position\":1,\"name\":\"Startseite\",\"item\":\"https:\/\/gasser-hs.com\/it\/\"},{\"@type\":\"ListItem\",\"position\":2,\"name\":\"home\"}]},{\"@type\":\"WebSite\",\"@id\":\"https:\/\/gasser-hs.com\/#website\",\"url\":\"https:\/\/gasser-hs.com\/\",\"name\":\"Gasser Heizung und Sanit\u00e4ranlagen - Klausen Latzfons\",\"description\":\"Gasser Heizung und Sanit\u00e4ranlagen - Klausen Latzfons\",\"publisher\":{\"@id\":\"https:\/\/gasser-hs.com\/#organization\"},\"potentialAction\":[{\"@type\":\"SearchAction\",\"target\":{\"@type\":\"EntryPoint\",\"urlTemplate\":\"https:\/\/gasser-hs.com\/?s={search_term_string}\"},\"query-input\":{\"@type\":\"PropertyValueSpecification\",\"valueRequired\":true,\"valueName\":\"search_term_string\"}}],\"inLanguage\":\"it-IT\"},{\"@type\":\"Organization\",\"@id\":\"https:\/\/gasser-hs.com\/#organization\",\"name\":\"Gasser Heizung und Sanit\u00e4ranlagen - Klausen Latzfons\",\"url\":\"https:\/\/gasser-hs.com\/\",\"logo\":{\"@type\":\"ImageObject\",\"inLanguage\":\"it-IT\",\"@id\":\"https:\/\/gasser-hs.com\/#\/schema\/logo\/image\/\",\"url\":\"http:\/\/gasser.fritzmedia.it\/wp-content\/uploads\/2022\/03\/logo.png\",\"contentUrl\":\"http:\/\/gasser.fritzmedia.it\/wp-content\/uploads\/2022\/03\/logo.png\",\"width\":3780,\"height\":2092,\"caption\":\"Gasser Heizung und Sanit\u00e4ranlagen - Klausen Latzfons\"},\"image\":{\"@id\":\"https:\/\/gasser-hs.com\/#\/schema\/logo\/image\/\"}}]}<\/script>\n<!-- \/ Yoast SEO plugin. -->","yoast_head_json":{"title":"Impresa Gasser Johann: il tuo idraulico in Valle Isarco | Alto Adige","description":"Cerchi un idraulico in Valle Isarco? L\u2019impresa Gasser vanta oltre 30 anni di esperienza all\u2019insegna dell\u2019alta qualit\u00e0 e dell\u2019attenzione ai clienti.","robots":{"index":"index","follow":"follow","max-snippet":"max-snippet:-1","max-image-preview":"max-image-preview:large","max-video-preview":"max-video-preview:-1"},"canonical":"https:\/\/gasser-hs.com\/it\/","og_locale":"it_IT","og_type":"article","og_title":"Impresa Gasser Johann: il tuo idraulico in Valle Isarco | Alto Adige","og_description":"Cerchi un idraulico in Valle Isarco? L\u2019impresa Gasser vanta oltre 30 anni di esperienza all\u2019insegna dell\u2019alta qualit\u00e0 e dell\u2019attenzione ai clienti.","og_url":"https:\/\/gasser-hs.com\/it\/","og_site_name":"Gasser Heizung und Sanit\u00e4ranlagen - Klausen Latzfons","article_modified_time":"2024-06-04T06:10:59+00:00","og_image":[{"width":3780,"height":2092,"url":"https:\/\/gasser-hs.com\/wp-content\/uploads\/2022\/03\/logo.png","type":"image\/png"}],"twitter_card":"summary_large_image","twitter_misc":{"Tempo di lettura stimato":"2 minuti"},"schema":{"@context":"https:\/\/schema.org","@graph":[{"@type":"WebPage","@id":"https:\/\/gasser-hs.com\/it\/","url":"https:\/\/gasser-hs.com\/it\/","name":"Impresa Gasser Johann: il tuo idraulico in Valle Isarco | Alto Adige","isPartOf":{"@id":"https:\/\/gasser-hs.com\/#website"},"primaryImageOfPage":{"@id":"https:\/\/gasser-hs.com\/it\/#primaryimage"},"image":{"@id":"https:\/\/gasser-hs.com\/it\/#primaryimage"},"thumbnailUrl":"https:\/\/gasser-hs.com\/wp-content\/uploads\/2022\/03\/logo.png","datePublished":"2022-02-28T08:51:44+00:00","dateModified":"2024-06-04T06:10:59+00:00","description":"Cerchi un idraulico in Valle Isarco? L\u2019impresa Gasser vanta oltre 30 anni di esperienza all\u2019insegna dell\u2019alta qualit\u00e0 e dell\u2019attenzione ai clienti.","breadcrumb":{"@id":"https:\/\/gasser-hs.com\/it\/#breadcrumb"},"inLanguage":"it-IT","potentialAction":[{"@type":"ReadAction","target":["https:\/\/gasser-hs.com\/it\/"]}]},{"@type":"ImageObject","inLanguage":"it-IT","@id":"https:\/\/gasser-hs.com\/it\/#primaryimage","url":"https:\/\/gasser-hs.com\/wp-content\/uploads\/2022\/03\/logo.png","contentUrl":"https:\/\/gasser-hs.com\/wp-content\/uploads\/2022\/03\/logo.png","width":3780,"height":2092},{"@type":"BreadcrumbList","@id":"https:\/\/gasser-hs.com\/it\/#breadcrumb","itemListElement":[{"@type":"ListItem","position":1,"name":"Startseite","item":"https:\/\/gasser-hs.com\/it\/"},{"@type":"ListItem","position":2,"name":"home"}]},{"@type":"WebSite","@id":"https:\/\/gasser-hs.com\/#website","url":"https:\/\/gasser-hs.com\/","name":"Gasser Heizung und Sanit\u00e4ranlagen - Klausen Latzfons","description":"Gasser Heizung und Sanit\u00e4ranlagen - Klausen Latzfons","publisher":{"@id":"https:\/\/gasser-hs.com\/#organization"},"potentialAction":[{"@type":"SearchAction","target":{"@type":"EntryPoint","urlTemplate":"https:\/\/gasser-hs.com\/?s={search_term_string}"},"query-input":{"@type":"PropertyValueSpecification","valueRequired":true,"valueName":"search_term_string"}}],"inLanguage":"it-IT"},{"@type":"Organization","@id":"https:\/\/gasser-hs.com\/#organization","name":"Gasser Heizung und Sanit\u00e4ranlagen - Klausen Latzfons","url":"https:\/\/gasser-hs.com\/","logo":{"@type":"ImageObject","inLanguage":"it-IT","@id":"https:\/\/gasser-hs.com\/#\/schema\/logo\/image\/","url":"http:\/\/gasser.fritzmedia.it\/wp-content\/uploads\/2022\/03\/logo.png","contentUrl":"http:\/\/gasser.fritzmedia.it\/wp-content\/uploads\/2022\/03\/logo.png","width":3780,"height":2092,"caption":"Gasser Heizung und Sanit\u00e4ranlagen - Klausen Latzfons"},"image":{"@id":"https:\/\/gasser-hs.com\/#\/schema\/logo\/image\/"}}]}},"_links":{"self":[{"href":"https:\/\/gasser-hs.com\/it\/wp-json\/wp\/v2\/pages\/137","targetHints":{"allow":["GET"]}}],"collection":[{"href":"https:\/\/gasser-hs.com\/it\/wp-json\/wp\/v2\/pages"}],"about":[{"href":"https:\/\/gasser-hs.com\/it\/wp-json\/wp\/v2\/types\/page"}],"author":[{"embeddable":true,"href":"https:\/\/gasser-hs.com\/it\/wp-json\/wp\/v2\/users\/1"}],"replies":[{"embeddable":true,"href":"https:\/\/gasser-hs.com\/it\/wp-json\/wp\/v2\/comments?post=137"}],"version-history":[{"count":11,"href":"https:\/\/gasser-hs.com\/it\/wp-json\/wp\/v2\/pages\/137\/revisions"}],"predecessor-version":[{"id":440,"href":"https:\/\/gasser-hs.com\/it\/wp-json\/wp\/v2\/pages\/137\/revisions\/440"}],"wp:featuredmedia":[{"embeddable":true,"href":"https:\/\/gasser-hs.com\/it\/wp-json\/wp\/v2\/media\/111"}],"wp:attachment":[{"href":"https:\/\/gasser-hs.com\/it\/wp-json\/wp\/v2\/media?parent=137"}],"curies":[{"name":"wp","href":"https:\/\/api.w.org\/{rel}","templated":true}]}}